{"id":4478,"date":"2025-10-06T09:51:37","date_gmt":"2025-10-06T09:51:37","guid":{"rendered":"https:\/\/lovis-vienna.com\/meetings-und-events\/"},"modified":"2025-11-20T11:22:46","modified_gmt":"2025-11-20T11:22:46","slug":"meetings-und-events","status":"publish","type":"page","link":"https:\/\/lovis-vienna.com\/de\/meetings-und-events\/","title":{"rendered":"Meetings und Events"},"content":{"rendered":"\t\t<div data-elementor-type=\"wp-post\" data-elementor-id=\"4478\" class=\"elementor elementor-4478 elementor-2678\" data-elementor-post-type=\"page\">\n\t\t\t\t<div class=\"elementor-element elementor-element-b594991 e-flex e-con-boxed e-con e-parent\" data-id=\"b594991\" data-element_type=\"container\" data-e-type=\"container\" data-settings=\"{&quot;background_background&quot;:&quot;classic&quot;}\">\n\t\t\t\t\t<div class=\"e-con-inner\">\n\t\t\t\t<div class=\"elementor-element elementor-element-6d0af60 elementor-widget elementor-widget-image\" data-id=\"6d0af60\" data-element_type=\"widget\" data-e-type=\"widget\" data-widget_type=\"image.default\">\n\t\t\t\t<div class=\"elementor-widget-container\">\n\t\t\t\t\t\t\t\t\t\t\t\t\t\t\t<img fetchpriority=\"high\" decoding=\"async\" width=\"595\" height=\"313\" src=\"https:\/\/lovis-vienna.com\/wp-content\/uploads\/2025\/09\/overview.svg\" class=\"attachment-full size-full wp-image-4324\" alt=\"LOVIS Icon\" \/>\t\t\t\t\t\t\t\t\t\t\t\t\t\t\t<\/div>\n\t\t\t\t<\/div>\n\t\t\t\t<div class=\"elementor-element elementor-element-26a6b2c elementor-widget elementor-widget-heading\" data-id=\"26a6b2c\" data-element_type=\"widget\" data-e-type=\"widget\" data-widget_type=\"heading.default\">\n\t\t\t\t<div class=\"elementor-widget-container\">\n\t\t\t\t\t<h1 class=\"elementor-heading-title elementor-size-default\">Meetings und Events  <\/h1>\t\t\t\t<\/div>\n\t\t\t\t<\/div>\n\t\t\t\t<div class=\"elementor-element elementor-element-d96dd48 elementor-widget elementor-widget-text-editor\" data-id=\"d96dd48\" data-element_type=\"widget\" data-e-type=\"widget\" data-widget_type=\"text-editor.default\">\n\t\t\t\t<div class=\"elementor-widget-container\">\n\t\t\t\t\t\t\t\t\t<p>Im LOVIS<\/p>\n\t\t\t\t\t\t\t\t<\/div>\n\t\t\t\t<\/div>\n\t\t\t\t\t<\/div>\n\t\t\t\t<\/div>\n\t\t<div class=\"elementor-element elementor-element-195827e4 e-con-full e-flex e-con e-parent\" data-id=\"195827e4\" data-element_type=\"container\" data-e-type=\"container\" data-settings=\"{&quot;background_background&quot;:&quot;gradient&quot;}\">\n\t\t<div class=\"elementor-element elementor-element-1f9036e7 e-con-full e-flex e-con e-child\" data-id=\"1f9036e7\" data-element_type=\"container\" data-e-type=\"container\">\n\t\t\t\t<div class=\"elementor-element elementor-element-563b6d9 elementor-invisible elementor-widget elementor-widget-heading\" data-id=\"563b6d9\" data-element_type=\"widget\" data-e-type=\"widget\" data-settings=\"{&quot;_animation&quot;:&quot;fadeIn&quot;,&quot;_animation_delay&quot;:200}\" data-widget_type=\"heading.default\">\n\t\t\t\t<div class=\"elementor-widget-container\">\n\t\t\t\t\t<h2 class=\"elementor-heading-title elementor-size-default\">Wo Business auf Design trifft.<\/h2>\t\t\t\t<\/div>\n\t\t\t\t<\/div>\n\t\t\t\t<div class=\"elementor-element elementor-element-6241106 elementor-widget elementor-widget-text-editor\" data-id=\"6241106\" data-element_type=\"widget\" data-e-type=\"widget\" data-widget_type=\"text-editor.default\">\n\t\t\t\t<div class=\"elementor-widget-container\">\n\t\t\t\t\t\t\t\t\t<p>F\u00fcr G\u00e4ste, die einen inspirierenden Rahmen f\u00fcr Meetings oder private Zusammenk\u00fcnfte suchen, bietet LOVIS Zugang zu stilvollen Seminar- und Eventr\u00e4umen im Haus.<\/p>\n\t\t\t\t\t\t\t\t<\/div>\n\t\t\t\t<\/div>\n\t\t\t\t<div class=\"elementor-element elementor-element-78f914ff elementor-widget__width-inherit elementor-invisible elementor-widget elementor-widget-image\" data-id=\"78f914ff\" data-element_type=\"widget\" data-e-type=\"widget\" data-settings=\"{&quot;_animation&quot;:&quot;fadeIn&quot;}\" data-widget_type=\"image.default\">\n\t\t\t\t<div class=\"elementor-widget-container\">\n\t\t\t\t\t\t\t\t\t\t\t\t\t\t\t<img decoding=\"async\" width=\"800\" height=\"533\" src=\"https:\/\/lovis-vienna.com\/wp-content\/uploads\/2025\/10\/lovis-events-1024x682.jpg\" class=\"attachment-large size-large wp-image-4403\" alt=\"LOVIS Events\" srcset=\"https:\/\/lovis-vienna.com\/wp-content\/uploads\/2025\/10\/lovis-events-1024x682.jpg 1024w, https:\/\/lovis-vienna.com\/wp-content\/uploads\/2025\/10\/lovis-events-300x200.jpg 300w, https:\/\/lovis-vienna.com\/wp-content\/uploads\/2025\/10\/lovis-events-768x512.jpg 768w, https:\/\/lovis-vienna.com\/wp-content\/uploads\/2025\/10\/lovis-events.jpg 1100w\" sizes=\"(max-width: 800px) 100vw, 800px\" \/>\t\t\t\t\t\t\t\t\t\t\t\t\t\t\t<\/div>\n\t\t\t\t<\/div>\n\t\t\t\t<\/div>\n\t\t<div class=\"elementor-element elementor-element-604bf2cf e-flex e-con-boxed e-con e-child\" data-id=\"604bf2cf\" data-element_type=\"container\" data-e-type=\"container\">\n\t\t\t\t\t<div class=\"e-con-inner\">\n\t\t\t\t<div class=\"elementor-element elementor-element-7e94fe29 elementor-widget__width-initial elementor-invisible elementor-widget elementor-widget-image\" data-id=\"7e94fe29\" data-element_type=\"widget\" data-e-type=\"widget\" data-settings=\"{&quot;_animation&quot;:&quot;fadeIn&quot;,&quot;_animation_tablet&quot;:&quot;fadeInRight&quot;,&quot;_animation_delay&quot;:&quot;200&quot;,&quot;motion_fx_motion_fx_scrolling&quot;:&quot;yes&quot;,&quot;motion_fx_scale_effect&quot;:&quot;yes&quot;,&quot;motion_fx_scale_speed&quot;:{&quot;unit&quot;:&quot;px&quot;,&quot;size&quot;:1,&quot;sizes&quot;:[]},&quot;motion_fx_scale_direction&quot;:&quot;out-in&quot;,&quot;motion_fx_scale_range&quot;:{&quot;unit&quot;:&quot;%&quot;,&quot;size&quot;:&quot;&quot;,&quot;sizes&quot;:{&quot;start&quot;:20,&quot;end&quot;:80}},&quot;motion_fx_devices&quot;:[&quot;desktop&quot;,&quot;tablet&quot;,&quot;mobile&quot;]}\" data-widget_type=\"image.default\">\n\t\t\t\t<div class=\"elementor-widget-container\">\n\t\t\t\t\t\t\t\t\t\t\t\t\t\t\t<img decoding=\"async\" width=\"700\" height=\"800\" src=\"https:\/\/lovis-vienna.com\/wp-content\/uploads\/2025\/10\/lovis-events-2.jpg\" class=\"attachment-large size-large wp-image-4405\" alt=\"Meeting Room LOVIS\" srcset=\"https:\/\/lovis-vienna.com\/wp-content\/uploads\/2025\/10\/lovis-events-2.jpg 700w, https:\/\/lovis-vienna.com\/wp-content\/uploads\/2025\/10\/lovis-events-2-263x300.jpg 263w\" sizes=\"(max-width: 700px) 100vw, 700px\" \/>\t\t\t\t\t\t\t\t\t\t\t\t\t\t\t<\/div>\n\t\t\t\t<\/div>\n\t\t\t\t<div class=\"elementor-element elementor-element-22822035 elementor-widget__width-initial elementor-invisible elementor-widget elementor-widget-image\" data-id=\"22822035\" data-element_type=\"widget\" data-e-type=\"widget\" data-settings=\"{&quot;_animation&quot;:&quot;fadeIn&quot;,&quot;_animation_tablet&quot;:&quot;fadeInLeft&quot;,&quot;motion_fx_motion_fx_scrolling&quot;:&quot;yes&quot;,&quot;motion_fx_scale_effect&quot;:&quot;yes&quot;,&quot;motion_fx_scale_speed&quot;:{&quot;unit&quot;:&quot;px&quot;,&quot;size&quot;:1,&quot;sizes&quot;:[]},&quot;motion_fx_scale_direction&quot;:&quot;out-in&quot;,&quot;motion_fx_scale_range&quot;:{&quot;unit&quot;:&quot;%&quot;,&quot;size&quot;:&quot;&quot;,&quot;sizes&quot;:{&quot;start&quot;:20,&quot;end&quot;:80}},&quot;motion_fx_devices&quot;:[&quot;desktop&quot;,&quot;tablet&quot;,&quot;mobile&quot;]}\" data-widget_type=\"image.default\">\n\t\t\t\t<div class=\"elementor-widget-container\">\n\t\t\t\t\t\t\t\t\t\t\t\t\t\t\t<img loading=\"lazy\" decoding=\"async\" width=\"700\" height=\"800\" src=\"https:\/\/lovis-vienna.com\/wp-content\/uploads\/2025\/10\/lovis-events-3.jpg\" class=\"attachment-large size-large wp-image-4404\" alt=\"Meeting Room\" srcset=\"https:\/\/lovis-vienna.com\/wp-content\/uploads\/2025\/10\/lovis-events-3.jpg 700w, https:\/\/lovis-vienna.com\/wp-content\/uploads\/2025\/10\/lovis-events-3-263x300.jpg 263w\" sizes=\"(max-width: 700px) 100vw, 700px\" \/>\t\t\t\t\t\t\t\t\t\t\t\t\t\t\t<\/div>\n\t\t\t\t<\/div>\n\t\t\t\t<div class=\"elementor-element elementor-element-5d277c9 elementor-widget elementor-widget-text-editor\" data-id=\"5d277c9\" data-element_type=\"widget\" data-e-type=\"widget\" data-widget_type=\"text-editor.default\">\n\t\t\t\t<div class=\"elementor-widget-container\">\n\t\t\t\t\t\t\t\t\t<p>Gemeinsam mit einem erfahrenen Partner schaffen wir den idealen Ort f\u00fcr Meetings, Pr\u00e4sentationen, Pressekonferenzen, Workshops und exklusive Events. Flexible Raumkonzepte mit Sitzpl\u00e4tzen f\u00fcr bis zu 50 Personen, Stehtischen und Barbereich erm\u00f6glichen individuelle Gestaltung. Voll ausgestattet mit allem, was Sie ben\u00f6tigen \u2013 perfekt f\u00fcr intime Gespr\u00e4che oder gr\u00f6\u00dfere Veranstaltungen.<\/p>\n<p>Jede Anfrage wird individuell betreut, um ein ma\u00dfgeschneidertes Erlebnis zu garantieren, das die dezente Eleganz von LOVIS widerspiegelt. Vom Setup bis zu Erfrischungen arrangieren wir jedes Detail nach Ihren W\u00fcnschen.<\/p>\n<p>Im Herzen Wiens gelegen, nur wenige Schritte von kulturellen und gesch\u00e4ftlichen Highlights entfernt, bietet LOVIS die ideale Umgebung, in der Produktivit\u00e4t und Stil m\u00fchelos verschmelzen.<\/p>\n<p><strong>F\u00fcr Anfragen oder individuelle Arrangements steht Ihnen unser Team jederzeit gerne zur Verf\u00fcgung.<\/strong><\/p>\n\t\t\t\t\t\t\t\t<\/div>\n\t\t\t\t<\/div>\n\t\t\t\t\t<\/div>\n\t\t\t\t<\/div>\n\t\t\t\t<\/div>\n\t\t<div class=\"elementor-element elementor-element-467373f e-con-full e-flex e-con e-parent\" data-id=\"467373f\" data-element_type=\"container\" data-e-type=\"container\">\n\t\t\t\t<div class=\"elementor-element elementor-element-4496171 elementor-widget elementor-widget-html\" data-id=\"4496171\" data-element_type=\"widget\" data-e-type=\"widget\" data-widget_type=\"html.default\">\n\t\t\t\t<div class=\"elementor-widget-container\">\n\t\t\t\t\t<div id=\"gt1\" style=\"display:block; width:100%;\"><\/div><br><script src=\"https:\/\/widget.giggle.tips\/widget.js?id=gt1&path=lovis&width=100%&fontCol=CC4D3C&btCol=CC4D3C&font=Lora&lang=en&streams=5f4aa850-2714-4f60-a160-0da86d44dc6f\"><\/script>\t\t\t\t<\/div>\n\t\t\t\t<\/div>\n\t\t\t\t<\/div>\n\t\t\t\t<\/div>\n\t\t","protected":false},"excerpt":{"rendered":"<p>Meetings und Events Im LOVIS Wo Business auf Design trifft. F\u00fcr G\u00e4ste, die einen inspirierenden Rahmen f\u00fcr Meetings oder private Zusammenk\u00fcnfte suchen, bietet LOVIS Zugang zu stilvollen Seminar- und Eventr\u00e4umen im Haus. Gemeinsam mit einem erfahrenen Partner schaffen wir den idealen Ort f\u00fcr Meetings, Pr\u00e4sentationen, Pressekonferenzen, Workshops und exklusive Events. Flexible Raumkonzepte mit Sitzpl\u00e4tzen f\u00fcr [&hellip;]<\/p>\n","protected":false},"author":1,"featured_media":0,"parent":0,"menu_order":0,"comment_status":"closed","ping_status":"closed","template":"elementor_header_footer","meta":{"_acf_changed":false,"footnotes":""},"class_list":["post-4478","page","type-page","status-publish","hentry"],"acf":[],"aioseo_notices":[],"_links":{"self":[{"href":"https:\/\/lovis-vienna.com\/de\/wp-json\/wp\/v2\/pages\/4478","targetHints":{"allow":["GET"]}}],"collection":[{"href":"https:\/\/lovis-vienna.com\/de\/wp-json\/wp\/v2\/pages"}],"about":[{"href":"https:\/\/lovis-vienna.com\/de\/wp-json\/wp\/v2\/types\/page"}],"author":[{"embeddable":true,"href":"https:\/\/lovis-vienna.com\/de\/wp-json\/wp\/v2\/users\/1"}],"replies":[{"embeddable":true,"href":"https:\/\/lovis-vienna.com\/de\/wp-json\/wp\/v2\/comments?post=4478"}],"version-history":[{"count":3,"href":"https:\/\/lovis-vienna.com\/de\/wp-json\/wp\/v2\/pages\/4478\/revisions"}],"predecessor-version":[{"id":4512,"href":"https:\/\/lovis-vienna.com\/de\/wp-json\/wp\/v2\/pages\/4478\/revisions\/4512"}],"wp:attachment":[{"href":"https:\/\/lovis-vienna.com\/de\/wp-json\/wp\/v2\/media?parent=4478"}],"curies":[{"name":"wp","href":"https:\/\/api.w.org\/{rel}","templated":true}]}}