{"id":4476,"date":"2025-10-06T09:51:11","date_gmt":"2025-10-06T09:51:11","guid":{"rendered":"https:\/\/lovis-vienna.com\/lage\/"},"modified":"2025-11-20T11:32:43","modified_gmt":"2025-11-20T11:32:43","slug":"lage","status":"publish","type":"page","link":"https:\/\/lovis-vienna.com\/de\/lage\/","title":{"rendered":"Lage"},"content":{"rendered":"\t\t<div data-elementor-type=\"wp-post\" data-elementor-id=\"4476\" class=\"elementor elementor-4476 elementor-2676\" data-elementor-post-type=\"page\">\n\t\t\t\t<div class=\"elementor-element elementor-element-b594991 e-flex e-con-boxed e-con e-parent\" data-id=\"b594991\" data-element_type=\"container\" data-e-type=\"container\" data-settings=\"{&quot;background_background&quot;:&quot;classic&quot;}\">\n\t\t\t\t\t<div class=\"e-con-inner\">\n\t\t\t\t<div class=\"elementor-element elementor-element-6d0af60 elementor-widget elementor-widget-image\" data-id=\"6d0af60\" data-element_type=\"widget\" data-e-type=\"widget\" data-widget_type=\"image.default\">\n\t\t\t\t<div class=\"elementor-widget-container\">\n\t\t\t\t\t\t\t\t\t\t\t\t\t\t\t<img fetchpriority=\"high\" decoding=\"async\" width=\"595\" height=\"313\" src=\"https:\/\/lovis-vienna.com\/wp-content\/uploads\/2025\/09\/overview.svg\" class=\"attachment-full size-full wp-image-4324\" alt=\"LOVIS Icon\" \/>\t\t\t\t\t\t\t\t\t\t\t\t\t\t\t<\/div>\n\t\t\t\t<\/div>\n\t\t\t\t<div class=\"elementor-element elementor-element-427f3a9 elementor-widget elementor-widget-heading\" data-id=\"427f3a9\" data-element_type=\"widget\" data-e-type=\"widget\" data-widget_type=\"heading.default\">\n\t\t\t\t<div class=\"elementor-widget-container\">\n\t\t\t\t\t<h1 class=\"elementor-heading-title elementor-size-default\">Lage<\/h1>\t\t\t\t<\/div>\n\t\t\t\t<\/div>\n\t\t\t\t\t<\/div>\n\t\t\t\t<\/div>\n\t\t<div class=\"elementor-element elementor-element-3420009 e-con-full e-flex e-con e-parent\" data-id=\"3420009\" data-element_type=\"container\" data-e-type=\"container\" data-settings=\"{&quot;background_background&quot;:&quot;classic&quot;}\">\n\t\t<div class=\"elementor-element elementor-element-90f9e1c e-con-full e-flex e-con e-child\" data-id=\"90f9e1c\" data-element_type=\"container\" data-e-type=\"container\">\n\t\t\t\t<div class=\"elementor-element elementor-element-ec435a9 elementor-widget-mobile__width-initial elementor-widget elementor-widget-image\" data-id=\"ec435a9\" data-element_type=\"widget\" data-e-type=\"widget\" data-settings=\"{&quot;motion_fx_motion_fx_scrolling&quot;:&quot;yes&quot;,&quot;motion_fx_translateY_effect&quot;:&quot;yes&quot;,&quot;motion_fx_translateY_speed&quot;:{&quot;unit&quot;:&quot;px&quot;,&quot;size&quot;:1,&quot;sizes&quot;:[]},&quot;motion_fx_devices&quot;:[&quot;desktop&quot;,&quot;tablet&quot;],&quot;motion_fx_translateY_affectedRange&quot;:{&quot;unit&quot;:&quot;%&quot;,&quot;size&quot;:&quot;&quot;,&quot;sizes&quot;:{&quot;start&quot;:0,&quot;end&quot;:100}}}\" data-widget_type=\"image.default\">\n\t\t\t\t<div class=\"elementor-widget-container\">\n\t\t\t\t\t\t\t\t\t\t\t\t\t\t\t<img decoding=\"async\" width=\"800\" height=\"677\" src=\"https:\/\/lovis-vienna.com\/wp-content\/uploads\/2025\/09\/viena2-1024x866.jpg\" class=\"attachment-large size-large wp-image-4335\" alt=\"Vienna Monument\" srcset=\"https:\/\/lovis-vienna.com\/wp-content\/uploads\/2025\/09\/viena2-1024x866.jpg 1024w, https:\/\/lovis-vienna.com\/wp-content\/uploads\/2025\/09\/viena2-300x254.jpg 300w, https:\/\/lovis-vienna.com\/wp-content\/uploads\/2025\/09\/viena2-768x650.jpg 768w, https:\/\/lovis-vienna.com\/wp-content\/uploads\/2025\/09\/viena2.jpg 1300w\" sizes=\"(max-width: 800px) 100vw, 800px\" \/>\t\t\t\t\t\t\t\t\t\t\t\t\t\t\t<\/div>\n\t\t\t\t<\/div>\n\t\t\t\t<div class=\"elementor-element elementor-element-ea51292 elementor-widget-mobile__width-initial elementor-widget elementor-widget-image\" data-id=\"ea51292\" data-element_type=\"widget\" data-e-type=\"widget\" data-settings=\"{&quot;motion_fx_motion_fx_scrolling&quot;:&quot;yes&quot;,&quot;motion_fx_translateY_effect&quot;:&quot;yes&quot;,&quot;motion_fx_translateY_direction&quot;:&quot;negative&quot;,&quot;motion_fx_translateY_speed&quot;:{&quot;unit&quot;:&quot;px&quot;,&quot;size&quot;:1,&quot;sizes&quot;:[]},&quot;motion_fx_devices&quot;:[&quot;desktop&quot;,&quot;tablet&quot;],&quot;motion_fx_translateY_affectedRange&quot;:{&quot;unit&quot;:&quot;%&quot;,&quot;size&quot;:&quot;&quot;,&quot;sizes&quot;:{&quot;start&quot;:0,&quot;end&quot;:100}}}\" data-widget_type=\"image.default\">\n\t\t\t\t<div class=\"elementor-widget-container\">\n\t\t\t\t\t\t\t\t\t\t\t\t\t\t\t<img decoding=\"async\" width=\"683\" height=\"1024\" src=\"https:\/\/lovis-vienna.com\/wp-content\/uploads\/2025\/09\/stephansdon-683x1024.jpg\" class=\"attachment-large size-large wp-image-4317\" alt=\"Stephansdon\" srcset=\"https:\/\/lovis-vienna.com\/wp-content\/uploads\/2025\/09\/stephansdon-683x1024.jpg 683w, https:\/\/lovis-vienna.com\/wp-content\/uploads\/2025\/09\/stephansdon-200x300.jpg 200w, https:\/\/lovis-vienna.com\/wp-content\/uploads\/2025\/09\/stephansdon-768x1152.jpg 768w, https:\/\/lovis-vienna.com\/wp-content\/uploads\/2025\/09\/stephansdon.jpg 800w\" sizes=\"(max-width: 683px) 100vw, 683px\" \/>\t\t\t\t\t\t\t\t\t\t\t\t\t\t\t<\/div>\n\t\t\t\t<\/div>\n\t\t\t\t<\/div>\n\t\t<div class=\"elementor-element elementor-element-f70273e e-con-full e-flex e-con e-child\" data-id=\"f70273e\" data-element_type=\"container\" data-e-type=\"container\">\n\t\t\t\t<div class=\"elementor-element elementor-element-67e2a2c elementor-invisible elementor-widget elementor-widget-heading\" data-id=\"67e2a2c\" data-element_type=\"widget\" data-e-type=\"widget\" data-settings=\"{&quot;_animation&quot;:&quot;fadeIn&quot;,&quot;_animation_delay&quot;:200}\" data-widget_type=\"heading.default\">\n\t\t\t\t<div class=\"elementor-widget-container\">\n\t\t\t\t\t<h2 class=\"elementor-heading-title elementor-size-default\">Wiens Kultur und <br>Shopping direkt vor Ihrer T\u00fcr<\/h2>\t\t\t\t<\/div>\n\t\t\t\t<\/div>\n\t\t\t\t<div class=\"elementor-element elementor-element-d1b050c elementor-invisible elementor-widget elementor-widget-text-editor\" data-id=\"d1b050c\" data-element_type=\"widget\" data-e-type=\"widget\" data-settings=\"{&quot;_animation&quot;:&quot;fadeIn&quot;,&quot;_animation_delay&quot;:200}\" data-widget_type=\"text-editor.default\">\n\t\t\t\t<div class=\"elementor-widget-container\">\n\t\t\t\t\t\t\t\t\t<p>Mitten im historischen Herzen Wiens auf der K\u00e4rntner Stra\u00dfe verbindet LOVIS kulturelle Vielfalt mit zeitgen\u00f6ssischem Design \u2013 Ihr privater R\u00fcckzugsort inmitten der Stadt.<\/p><p>Unsere G\u00e4ste sch\u00e4tzen die erstklassige Innenstadtlage mit direktem Zugang zu Kultur, Kulinarik und Lifestyle.<\/p><p>Nur wenige Schritte vom Stephansdom entfernt, umgeben von den bedeutendsten Sehensw\u00fcrdigkeiten, kulturellen Highlights und exklusiven Shoppingadressen. Die Wiener Staatsoper, die Hofburg und das weltber\u00fchmte Albertina Museum erreichen Sie bequem zu Fu\u00df. Dank der nahegelegenen U-Bahn-Station Stephansplatz (U1, U3) ist auch der Rest der Stadt m\u00fchelos erreichbar.\u00a0<\/p>\t\t\t\t\t\t\t\t<\/div>\n\t\t\t\t<\/div>\n\t\t\t\t<\/div>\n\t\t\t\t<\/div>\n\t\t<div class=\"elementor-element elementor-element-400f82e elementor-hidden-tablet elementor-hidden-mobile e-flex e-con-boxed e-con e-parent\" data-id=\"400f82e\" data-element_type=\"container\" data-e-type=\"container\" data-settings=\"{&quot;background_background&quot;:&quot;classic&quot;}\">\n\t\t\t\t\t<div class=\"e-con-inner\">\n\t\t<div class=\"elementor-element elementor-element-bdd6816 e-con-full e-flex e-con e-child\" data-id=\"bdd6816\" data-element_type=\"container\" data-e-type=\"container\">\n\t\t\t\t<div class=\"elementor-element elementor-element-80a52fc elementor-invisible elementor-widget elementor-widget-text-editor\" data-id=\"80a52fc\" data-element_type=\"widget\" data-e-type=\"widget\" data-settings=\"{&quot;_animation&quot;:&quot;fadeIn&quot;,&quot;_animation_delay&quot;:200}\" data-widget_type=\"text-editor.default\">\n\t\t\t\t<div class=\"elementor-widget-container\">\n\t\t\t\t\t\t\t\t\t<p>Neben kulturellen Highlights erwartet Sie Wiens exklusivstes Shopping direkt vor der T\u00fcr.<\/p>\n\t\t\t\t\t\t\t\t<\/div>\n\t\t\t\t<\/div>\n\t\t\t\t<div class=\"elementor-element elementor-element-bb86ec0 elementor-invisible elementor-widget elementor-widget-text-editor\" data-id=\"bb86ec0\" data-element_type=\"widget\" data-e-type=\"widget\" data-settings=\"{&quot;_animation&quot;:&quot;fadeIn&quot;,&quot;_animation_delay&quot;:200}\" data-widget_type=\"text-editor.default\">\n\t\t\t\t<div class=\"elementor-widget-container\">\n\t\t\t\t\t\t\t\t\t<p>Die K\u00e4rntner Stra\u00dfe, der Graben und der Kohlmarkt sind Heimat internationaler Luxusmarken von Chanel bis Cartier, w\u00e4hrend das Goldene Quartier zum Entdecken von Prada, Saint Laurent und weiteren Designern einl\u00e4dt.<\/p>\n<p>Unsere G\u00e4ste genie\u00dfen exklusive Insider-Empfehlungen und private Partnerschaften \u2013 von kuratierten Dining-Erlebnissen bis hin zu Zugang zu Wiens verborgenen kulturellen Sch\u00e4tzen.<\/p>\n\t\t\t\t\t\t\t\t<\/div>\n\t\t\t\t<\/div>\n\t\t\t\t<div class=\"elementor-element elementor-element-4538bb2 elementor-invisible elementor-widget elementor-widget-heading\" data-id=\"4538bb2\" data-element_type=\"widget\" data-e-type=\"widget\" data-settings=\"{&quot;_animation&quot;:&quot;fadeIn&quot;,&quot;_animation_delay&quot;:200}\" data-widget_type=\"heading.default\">\n\t\t\t\t<div class=\"elementor-widget-container\">\n\t\t\t\t\t<h3 class=\"elementor-heading-title elementor-size-default\">M\u00fchelose Anbindungen<\/h3>\t\t\t\t<\/div>\n\t\t\t\t<\/div>\n\t\t\t\t<div class=\"elementor-element elementor-element-85caa1c elementor-invisible elementor-widget elementor-widget-text-editor\" data-id=\"85caa1c\" data-element_type=\"widget\" data-e-type=\"widget\" data-settings=\"{&quot;_animation&quot;:&quot;fadeIn&quot;,&quot;_animation_delay&quot;:200}\" data-widget_type=\"text-editor.default\">\n\t\t\t\t<div class=\"elementor-widget-container\">\n\t\t\t\t\t\t\t\t\t<p><strong>U-Bahn Stephansplatz (U1, U3): <\/strong><br \/>4\u202fMinuten zu Fu\u00df \u2013 Wiens zentralster Knotenpunkt mit direkter Verbindung zu den wichtigsten Sehensw\u00fcrdigkeiten.<\/p>\n\t\t\t\t\t\t\t\t<\/div>\n\t\t\t\t<\/div>\n\t\t\t\t<div class=\"elementor-element elementor-element-9ea7758 elementor-invisible elementor-widget elementor-widget-text-editor\" data-id=\"9ea7758\" data-element_type=\"widget\" data-e-type=\"widget\" data-settings=\"{&quot;_animation&quot;:&quot;fadeIn&quot;,&quot;_animation_delay&quot;:200}\" data-widget_type=\"text-editor.default\">\n\t\t\t\t<div class=\"elementor-widget-container\">\n\t\t\t\t\t\t\t\t\t<p><strong>Wien Mitte \/ City Airport Train (CAT): <\/strong><br \/>15\u202fMinuten zu Fu\u00df oder 5\u202fMinuten per Taxi \u2013 in nur 16\u202fMinuten am Flughafen Wien.\u00a0<\/p>\t\t\t\t\t\t\t\t<\/div>\n\t\t\t\t<\/div>\n\t\t\t\t<div class=\"elementor-element elementor-element-9272cd2 elementor-invisible elementor-widget elementor-widget-text-editor\" data-id=\"9272cd2\" data-element_type=\"widget\" data-e-type=\"widget\" data-settings=\"{&quot;_animation&quot;:&quot;fadeIn&quot;,&quot;_animation_delay&quot;:200}\" data-widget_type=\"text-editor.default\">\n\t\t\t\t<div class=\"elementor-widget-container\">\n\t\t\t\t\t\t\t\t\t<p><strong>Taxi zum Flughafen Wien: <\/strong><br>\nca. 25\u202fMinuten (20\u202fkm).&nbsp;<\/p>\t\t\t\t\t\t\t\t<\/div>\n\t\t\t\t<\/div>\n\t\t\t\t<\/div>\n\t\t\t\t\t<\/div>\n\t\t\t\t<\/div>\n\t\t<div class=\"elementor-element elementor-element-25709f5 elementor-hidden-desktop e-flex e-con-boxed e-con e-parent\" data-id=\"25709f5\" data-element_type=\"container\" data-e-type=\"container\" data-settings=\"{&quot;background_background&quot;:&quot;classic&quot;}\">\n\t\t\t\t\t<div class=\"e-con-inner\">\n\t\t<div class=\"elementor-element elementor-element-0735b56 e-con-full e-flex e-con e-child\" data-id=\"0735b56\" data-element_type=\"container\" data-e-type=\"container\">\n\t\t\t\t<div class=\"elementor-element elementor-element-e276e78 elementor-invisible elementor-widget elementor-widget-text-editor\" data-id=\"e276e78\" data-element_type=\"widget\" data-e-type=\"widget\" data-settings=\"{&quot;_animation&quot;:&quot;fadeIn&quot;,&quot;_animation_delay&quot;:200}\" data-widget_type=\"text-editor.default\">\n\t\t\t\t<div class=\"elementor-widget-container\">\n\t\t\t\t\t\t\t\t\t<p><span style=\"font-weight: 400;\">Neben kulturellen Highlights erwartet Sie Wiens exklusivstes Shopping direkt vor der T\u00fcr.<\/span><\/p>\n\t\t\t\t\t\t\t\t<\/div>\n\t\t\t\t<\/div>\n\t\t\t\t<div class=\"elementor-element elementor-element-e7979c0 elementor-invisible elementor-widget elementor-widget-text-editor\" data-id=\"e7979c0\" data-element_type=\"widget\" data-e-type=\"widget\" data-settings=\"{&quot;_animation&quot;:&quot;fadeIn&quot;,&quot;_animation_delay&quot;:200}\" data-widget_type=\"text-editor.default\">\n\t\t\t\t<div class=\"elementor-widget-container\">\n\t\t\t\t\t\t\t\t\t<p><span style=\"font-weight: 400;\">Die K\u00e4rntner Stra\u00dfe, der Graben und der Kohlmarkt sind Heimat internationaler Luxusmarken von Chanel bis Cartier, w\u00e4hrend das Goldene Quartier zum Entdecken von Prada, Saint Laurent und weiteren Designern einl\u00e4dt.<\/span><\/p>\n<p><span style=\"font-weight: 400;\">Unsere G\u00e4ste genie\u00dfen exklusive Insider-Empfehlungen und private Partnerschaften \u2013 von kuratierten Dining-Erlebnissen bis hin zu Zugang zu Wiens verborgenen kulturellen Sch\u00e4tzen.<\/span><\/p>\n\t\t\t\t\t\t\t\t<\/div>\n\t\t\t\t<\/div>\n\t\t\t\t<div class=\"elementor-element elementor-element-8263790 elementor-widget elementor-widget-text-editor\" data-id=\"8263790\" data-element_type=\"widget\" data-e-type=\"widget\" data-widget_type=\"text-editor.default\">\n\t\t\t\t<div class=\"elementor-widget-container\">\n\t\t\t\t\t\t\t\t\t<p>Effortless Connections<\/p>\n\t\t\t\t\t\t\t\t<\/div>\n\t\t\t\t<\/div>\n\t\t\t\t<div class=\"elementor-element elementor-element-0b7cb0d elementor-invisible elementor-widget elementor-widget-text-editor\" data-id=\"0b7cb0d\" data-element_type=\"widget\" data-e-type=\"widget\" data-settings=\"{&quot;_animation&quot;:&quot;fadeIn&quot;,&quot;_animation_delay&quot;:200}\" data-widget_type=\"text-editor.default\">\n\t\t\t\t<div class=\"elementor-widget-container\">\n\t\t\t\t\t\t\t\t\t<p><span style=\"font-weight: 400;\"><strong>U-Bahn Stephansplatz (U1, U3): <\/strong><br \/>\n4\u202fMinuten zu Fu\u00df \u2013 Wiens zentralster Knotenpunkt mit direkter Verbindung zu den wichtigsten Sehensw\u00fcrdigkeiten.<\/span><\/p>\n\t\t\t\t\t\t\t\t<\/div>\n\t\t\t\t<\/div>\n\t\t\t\t<div class=\"elementor-element elementor-element-6d8f2bc elementor-invisible elementor-widget elementor-widget-text-editor\" data-id=\"6d8f2bc\" data-element_type=\"widget\" data-e-type=\"widget\" data-settings=\"{&quot;_animation&quot;:&quot;fadeIn&quot;,&quot;_animation_delay&quot;:200}\" data-widget_type=\"text-editor.default\">\n\t\t\t\t<div class=\"elementor-widget-container\">\n\t\t\t\t\t\t\t\t\t<p><span style=\"font-weight: 400;\"><strong>Wien Mitte \/ City Airport Train (CAT): <\/strong><br \/>\n15\u202fMinuten zu Fu\u00df oder 5\u202fMinuten per Taxi \u2013 in nur 16\u202fMinuten am Flughafen Wien.<\/span><\/p>\n\t\t\t\t\t\t\t\t<\/div>\n\t\t\t\t<\/div>\n\t\t\t\t<div class=\"elementor-element elementor-element-fc5d913 elementor-invisible elementor-widget elementor-widget-text-editor\" data-id=\"fc5d913\" data-element_type=\"widget\" data-e-type=\"widget\" data-settings=\"{&quot;_animation&quot;:&quot;fadeIn&quot;,&quot;_animation_delay&quot;:200}\" data-widget_type=\"text-editor.default\">\n\t\t\t\t<div class=\"elementor-widget-container\">\n\t\t\t\t\t\t\t\t\t<p><span style=\"font-weight: 400;\"><strong>Taxi zum Flughafen Wien: <\/strong><br \/>\nca. 25\u202fMinuten (20\u202fkm).<\/span><\/p>\n\t\t\t\t\t\t\t\t<\/div>\n\t\t\t\t<\/div>\n\t\t\t\t<\/div>\n\t\t\t\t\t<\/div>\n\t\t\t\t<\/div>\n\t\t<div class=\"elementor-element elementor-element-5f11330 elementor-hidden-desktop e-flex e-con-boxed e-con e-parent\" data-id=\"5f11330\" data-element_type=\"container\" data-e-type=\"container\" data-settings=\"{&quot;background_background&quot;:&quot;classic&quot;}\">\n\t\t\t\t\t<div class=\"e-con-inner\">\n\t\t\t\t\t<\/div>\n\t\t\t\t<\/div>\n\t\t\t\t<\/div>\n\t\t","protected":false},"excerpt":{"rendered":"<p>Lage Wiens Kultur und Shopping direkt vor Ihrer T\u00fcr Mitten im historischen Herzen Wiens auf der K\u00e4rntner Stra\u00dfe verbindet LOVIS kulturelle Vielfalt mit zeitgen\u00f6ssischem Design \u2013 Ihr privater R\u00fcckzugsort inmitten der Stadt. Unsere G\u00e4ste sch\u00e4tzen die erstklassige Innenstadtlage mit direktem Zugang zu Kultur, Kulinarik und Lifestyle. Nur wenige Schritte vom Stephansdom entfernt, umgeben von den [&hellip;]<\/p>\n","protected":false},"author":1,"featured_media":0,"parent":0,"menu_order":0,"comment_status":"closed","ping_status":"closed","template":"elementor_header_footer","meta":{"_acf_changed":false,"footnotes":""},"class_list":["post-4476","page","type-page","status-publish","hentry"],"acf":[],"aioseo_notices":[],"_links":{"self":[{"href":"https:\/\/lovis-vienna.com\/de\/wp-json\/wp\/v2\/pages\/4476","targetHints":{"allow":["GET"]}}],"collection":[{"href":"https:\/\/lovis-vienna.com\/de\/wp-json\/wp\/v2\/pages"}],"about":[{"href":"https:\/\/lovis-vienna.com\/de\/wp-json\/wp\/v2\/types\/page"}],"author":[{"embeddable":true,"href":"https:\/\/lovis-vienna.com\/de\/wp-json\/wp\/v2\/users\/1"}],"replies":[{"embeddable":true,"href":"https:\/\/lovis-vienna.com\/de\/wp-json\/wp\/v2\/comments?post=4476"}],"version-history":[{"count":6,"href":"https:\/\/lovis-vienna.com\/de\/wp-json\/wp\/v2\/pages\/4476\/revisions"}],"predecessor-version":[{"id":4517,"href":"https:\/\/lovis-vienna.com\/de\/wp-json\/wp\/v2\/pages\/4476\/revisions\/4517"}],"wp:attachment":[{"href":"https:\/\/lovis-vienna.com\/de\/wp-json\/wp\/v2\/media?parent=4476"}],"curies":[{"name":"wp","href":"https:\/\/api.w.org\/{rel}","templated":true}]}}