{"id":4474,"date":"2025-06-23T13:28:34","date_gmt":"2025-06-23T13:28:34","guid":{"rendered":"https:\/\/lovis-vienna.com\/impressum\/"},"modified":"2025-11-17T14:41:42","modified_gmt":"2025-11-17T14:41:42","slug":"impressum","status":"publish","type":"page","link":"https:\/\/lovis-vienna.com\/de\/impressum\/","title":{"rendered":"Impressum"},"content":{"rendered":"\t\t<div data-elementor-type=\"wp-page\" data-elementor-id=\"4474\" class=\"elementor elementor-4474 elementor-472\" data-elementor-post-type=\"page\">\n\t\t\t\t<div class=\"elementor-element elementor-element-2a25e04 e-flex e-con-boxed e-con e-parent\" data-id=\"2a25e04\" data-element_type=\"container\" data-e-type=\"container\" data-settings=\"{&quot;background_background&quot;:&quot;classic&quot;}\">\n\t\t\t\t\t<div class=\"e-con-inner\">\n\t\t\t\t<div class=\"elementor-element elementor-element-55d9903 elementor-widget elementor-widget-heading\" data-id=\"55d9903\" data-element_type=\"widget\" data-e-type=\"widget\" data-widget_type=\"heading.default\">\n\t\t\t\t<div class=\"elementor-widget-container\">\n\t\t\t\t\t<h1 class=\"elementor-heading-title elementor-size-default\">Impressum<\/h1>\t\t\t\t<\/div>\n\t\t\t\t<\/div>\n\t\t\t\t<div class=\"elementor-element elementor-element-a1a48f8 elementor-widget elementor-widget-text-editor\" data-id=\"a1a48f8\" data-element_type=\"widget\" data-e-type=\"widget\" data-widget_type=\"text-editor.default\">\n\t\t\t\t<div class=\"elementor-widget-container\">\n\t\t\t\t\t\t\t\t\t<p>K\u00e4rnterstra\u00dfe 8<br \/>1010 Wien<br \/>\u00d6sterreich<br \/>info@lovis-vienna.com<\/p>\n<p><strong>KSL8 GmbH<\/strong><br \/>K\u00e4rnterstra\u00dfe 8<br \/>1010 Wien<br \/>\u00d6sterreich<br \/>UID Nr. TBD<\/p>\n<p><strong>Firmenbuchgericht:<\/strong> Handelsgericht Wien<br \/><strong>Kammer:<\/strong> Wirtschaftskammer Wien, FG Hotellerie<br \/><strong>Unternehmensgegenstand:<\/strong> Beherbergungsbetrieb<\/p>\n\t\t\t\t\t\t\t\t<\/div>\n\t\t\t\t<\/div>\n\t\t\t\t\t<\/div>\n\t\t\t\t<\/div>\n\t\t\t\t<\/div>\n\t\t","protected":false},"excerpt":{"rendered":"<p>Impressum K\u00e4rnterstra\u00dfe 81010 Wien\u00d6sterreichinfo@lovis-vienna.com KSL8 GmbHK\u00e4rnterstra\u00dfe 81010 Wien\u00d6sterreichUID Nr. TBD Firmenbuchgericht: Handelsgericht WienKammer: Wirtschaftskammer Wien, FG HotellerieUnternehmensgegenstand: Beherbergungsbetrieb<\/p>\n","protected":false},"author":1,"featured_media":0,"parent":0,"menu_order":0,"comment_status":"closed","ping_status":"open","template":"elementor_header_footer","meta":{"_acf_changed":false,"footnotes":""},"class_list":["post-4474","page","type-page","status-publish","hentry"],"acf":[],"aioseo_notices":[],"_links":{"self":[{"href":"https:\/\/lovis-vienna.com\/de\/wp-json\/wp\/v2\/pages\/4474","targetHints":{"allow":["GET"]}}],"collection":[{"href":"https:\/\/lovis-vienna.com\/de\/wp-json\/wp\/v2\/pages"}],"about":[{"href":"https:\/\/lovis-vienna.com\/de\/wp-json\/wp\/v2\/types\/page"}],"author":[{"embeddable":true,"href":"https:\/\/lovis-vienna.com\/de\/wp-json\/wp\/v2\/users\/1"}],"replies":[{"embeddable":true,"href":"https:\/\/lovis-vienna.com\/de\/wp-json\/wp\/v2\/comments?post=4474"}],"version-history":[{"count":1,"href":"https:\/\/lovis-vienna.com\/de\/wp-json\/wp\/v2\/pages\/4474\/revisions"}],"predecessor-version":[{"id":4475,"href":"https:\/\/lovis-vienna.com\/de\/wp-json\/wp\/v2\/pages\/4474\/revisions\/4475"}],"wp:attachment":[{"href":"https:\/\/lovis-vienna.com\/de\/wp-json\/wp\/v2\/media?parent=4474"}],"curies":[{"name":"wp","href":"https:\/\/api.w.org\/{rel}","templated":true}]}}