{"id":4472,"date":"2025-09-18T13:07:06","date_gmt":"2025-09-18T13:07:06","guid":{"rendered":"https:\/\/lovis-vienna.com\/die-geschichte\/"},"modified":"2026-01-14T22:54:15","modified_gmt":"2026-01-14T22:54:15","slug":"die-geschichte","status":"publish","type":"page","link":"https:\/\/lovis-vienna.com\/de\/die-geschichte\/","title":{"rendered":"Die Geschichte"},"content":{"rendered":"\t\t<div data-elementor-type=\"wp-post\" data-elementor-id=\"4472\" class=\"elementor elementor-4472 elementor-2544\" data-elementor-post-type=\"page\">\n\t\t\t\t<div class=\"elementor-element elementor-element-b594991 e-flex e-con-boxed e-con e-parent\" data-id=\"b594991\" data-element_type=\"container\" data-e-type=\"container\" data-settings=\"{&quot;background_background&quot;:&quot;classic&quot;}\">\n\t\t\t\t\t<div class=\"e-con-inner\">\n\t\t\t\t<div class=\"elementor-element elementor-element-6d0af60 elementor-widget elementor-widget-image\" data-id=\"6d0af60\" data-element_type=\"widget\" data-e-type=\"widget\" data-widget_type=\"image.default\">\n\t\t\t\t<div class=\"elementor-widget-container\">\n\t\t\t\t\t\t\t\t\t\t\t\t\t\t\t<img fetchpriority=\"high\" decoding=\"async\" width=\"595\" height=\"313\" src=\"https:\/\/lovis-vienna.com\/wp-content\/uploads\/2025\/09\/overview.svg\" class=\"attachment-full size-full wp-image-4324\" alt=\"LOVIS Icon\" \/>\t\t\t\t\t\t\t\t\t\t\t\t\t\t\t<\/div>\n\t\t\t\t<\/div>\n\t\t\t\t<div class=\"elementor-element elementor-element-2311824 elementor-widget elementor-widget-heading\" data-id=\"2311824\" data-element_type=\"widget\" data-e-type=\"widget\" data-widget_type=\"heading.default\">\n\t\t\t\t<div class=\"elementor-widget-container\">\n\t\t\t\t\t<h1 class=\"elementor-heading-title elementor-size-default\">Die Geschichte<\/h1>\t\t\t\t<\/div>\n\t\t\t\t<\/div>\n\t\t\t\t<div class=\"elementor-element elementor-element-e3d0fc2 elementor-invisible elementor-widget elementor-widget-text-editor\" data-id=\"e3d0fc2\" data-element_type=\"widget\" data-e-type=\"widget\" data-settings=\"{&quot;_animation&quot;:&quot;fadeIn&quot;,&quot;_animation_delay&quot;:200}\" data-widget_type=\"text-editor.default\">\n\t\t\t\t<div class=\"elementor-widget-container\">\n\t\t\t\t\t\t\t\t\t<p>Die LOVIS Suites befinden sich in der K\u00e4rntner Stra\u00dfe 8, mitten in einer der bekanntesten Fu\u00dfg\u00e4ngerzonen Wiens \u2013 einem lebendigen Viertel voller charmanter Caf\u00e9s, historischer Sehensw\u00fcrdigkeiten und exklusiver Einkaufsm\u00f6glichkeiten.<\/p>\n<p>Vier der insgesamt acht Einheiten des Geb\u00e4udes wurden in stilvoll gestaltete Zimmer und Suiten verwandelt. Sie bieten Reisenden und Business-G\u00e4sten die besondere Gelegenheit, Wien im Herzen der historischen Innenstadt zu erleben. Im Erdgeschoss des Hauses befinden sich zudem mehrere exklusive Boutiquen, darunter der Flagship-Store der weltber\u00fchmten \u00f6sterreichischen Kristallmarke Swarovski.<\/p>\n\t\t\t\t\t\t\t\t<\/div>\n\t\t\t\t<\/div>\n\t\t\t\t\t<\/div>\n\t\t\t\t<\/div>\n\t\t<div class=\"elementor-element elementor-element-72900b2 e-flex e-con-boxed e-con e-parent\" data-id=\"72900b2\" data-element_type=\"container\" data-e-type=\"container\" data-settings=\"{&quot;background_background&quot;:&quot;classic&quot;}\">\n\t\t\t\t\t<div class=\"e-con-inner\">\n\t\t<div class=\"elementor-element elementor-element-dc1017f e-con-full e-flex e-con e-child\" data-id=\"dc1017f\" data-element_type=\"container\" data-e-type=\"container\">\n\t\t\t\t<div class=\"elementor-element elementor-element-7f0bd7e elementor-widget elementor-widget-text-editor\" data-id=\"7f0bd7e\" data-element_type=\"widget\" data-e-type=\"widget\" data-widget_type=\"text-editor.default\">\n\t\t\t\t<div class=\"elementor-widget-container\">\n\t\t\t\t\t\t\t\t\t<p>Ein architektonisches Juwel der<\/p>\n\t\t\t\t\t\t\t\t<\/div>\n\t\t\t\t<\/div>\n\t\t\t\t<div class=\"elementor-element elementor-element-a2e09ce elementor-widget elementor-widget-heading\" data-id=\"a2e09ce\" data-element_type=\"widget\" data-e-type=\"widget\" data-widget_type=\"heading.default\">\n\t\t\t\t<div class=\"elementor-widget-container\">\n\t\t\t\t\t<h2 class=\"elementor-heading-title elementor-size-default\">Jugendstil-Epoche<\/h2>\t\t\t\t<\/div>\n\t\t\t\t<\/div>\n\t\t\t\t<div class=\"elementor-element elementor-element-e3e5a61 elementor-invisible elementor-widget elementor-widget-text-editor\" data-id=\"e3e5a61\" data-element_type=\"widget\" data-e-type=\"widget\" data-settings=\"{&quot;_animation&quot;:&quot;fadeIn&quot;,&quot;_animation_delay&quot;:200}\" data-widget_type=\"text-editor.default\">\n\t\t\t\t<div class=\"elementor-widget-container\">\n\t\t\t\t\t\t\t\t\t<p>Als das Geb\u00e4ude Anfang des 20. Jahrhunderts errichtet wurde, wurde es durch eine kleine Br\u00fccke mit seinem Zwillingsbau nebenan verbunden \u2013 \u00fcber den schmalen Durchgang namens \u201eK\u00e4rntner Durchgang\u201c, einer der fr\u00fchesten Fu\u00dfg\u00e4ngerpassagen Wiens. Beide Geb\u00e4ude wurden vom Architekten Leonhard entworfen, und der Stil der Jugendstil-\u00c4ra zeigt sich bis heute in den eleganten Fassadenornamenten und den filigranen franz\u00f6sischen Balkonen. Das benachbarte Zwillingsgeb\u00e4ude mit der Hausnummer 10 beherbergt die legend\u00e4re Loos Bar, gestaltet von Adolf Loos \u2013 einem der bedeutendsten Architekten Wiens.<\/p>\n\t\t\t\t\t\t\t\t<\/div>\n\t\t\t\t<\/div>\n\t\t\t\t<\/div>\n\t\t\t\t\t<\/div>\n\t\t\t\t<\/div>\n\t\t<div class=\"elementor-element elementor-element-5a4fd74 e-flex e-con-boxed e-con e-parent\" data-id=\"5a4fd74\" data-element_type=\"container\" data-e-type=\"container\">\n\t\t\t\t\t<div class=\"e-con-inner\">\n\t\t<div class=\"elementor-element elementor-element-53a238e e-con-full e-flex e-con e-child\" data-id=\"53a238e\" data-element_type=\"container\" data-e-type=\"container\">\n\t\t\t\t<div class=\"elementor-element elementor-element-b58e54b elementor-invisible elementor-widget elementor-widget-text-editor\" data-id=\"b58e54b\" data-element_type=\"widget\" data-e-type=\"widget\" data-settings=\"{&quot;_animation&quot;:&quot;fadeIn&quot;,&quot;_animation_delay&quot;:200}\" data-widget_type=\"text-editor.default\">\n\t\t\t\t<div class=\"elementor-widget-container\">\n\t\t\t\t\t\t\t\t\t<p>Im 18. Jahrhundert gerieten die damaligen Eigent\u00fcmer in erhebliche finanzielle Schwierigkeiten, was 1749 zur Versteigerung des Anwesens f\u00fchrte. Der neue Besitzer, Joseph de Franze, lie\u00df das urspr\u00fcngliche Geb\u00e4ude abtragen und an seiner Stelle einen Neubau errichten, der weiterhin beide Adressen unter einem Dach vereinte. Im Jahr 1780 ging das Anwesen in den Besitz von Philipp Wiest \u00fcber, der es in \u201eZu den drei L\u00f6wen\u201c umbenannte \u2013 ein neues Kapitel in der bewegten Geschichte des Hauses begann.<\/p>\n\t\t\t\t\t\t\t\t<\/div>\n\t\t\t\t<\/div>\n\t\t\t\t<div class=\"elementor-element elementor-element-0dd310f elementor-widget elementor-widget-heading\" data-id=\"0dd310f\" data-element_type=\"widget\" data-e-type=\"widget\" data-widget_type=\"heading.default\">\n\t\t\t\t<div class=\"elementor-widget-container\">\n\t\t\t\t\t<h3 class=\"elementor-heading-title elementor-size-default\">Ein Erbe f\u00fcr die Zukunft bewahrt<\/h3>\t\t\t\t<\/div>\n\t\t\t\t<\/div>\n\t\t\t\t<div class=\"elementor-element elementor-element-15bd73b elementor-invisible elementor-widget elementor-widget-text-editor\" data-id=\"15bd73b\" data-element_type=\"widget\" data-e-type=\"widget\" data-settings=\"{&quot;_animation&quot;:&quot;fadeIn&quot;,&quot;_animation_delay&quot;:200}\" data-widget_type=\"text-editor.default\">\n\t\t\t\t<div class=\"elementor-widget-container\">\n\t\t\t\t\t\t\t\t\t<p>Heute befindet sich das Geb\u00e4ude im Privatbesitz von drei Familien, die das reiche, historische Erbe mit gro\u00dfer Sorgfalt bewahrt haben. In W\u00fcrdigung der Geschichte dieses besonderen Ortes haben sie einen Teil des Anwesens in die LOVIS Suites verwandelt \u2013 einen Ort, an dem Besucher Wiens Sch\u00f6nheit und Geschichte unmittelbar erleben k\u00f6nnen. Durch die \u00d6ffnung der T\u00fcren f\u00fcr Reisende f\u00fchren die Familien die jahrhundertealte Tradition der Gastfreundschaft fort und bieten einen einzigartigen Aufenthalt im Herzen einer der geschichtstr\u00e4chtigsten St\u00e4dte Europas.<\/p>\n\t\t\t\t\t\t\t\t<\/div>\n\t\t\t\t<\/div>\n\t\t\t\t<\/div>\n\t\t<div class=\"elementor-element elementor-element-ec5bf7c e-con-full e-flex e-con e-child\" data-id=\"ec5bf7c\" data-element_type=\"container\" data-e-type=\"container\">\n\t\t<div class=\"elementor-element elementor-element-e364f6b e-con-full e-flex e-con e-child\" data-id=\"e364f6b\" data-element_type=\"container\" data-e-type=\"container\">\n\t\t\t\t<div class=\"elementor-element elementor-element-14b8aa5 elementor-widget elementor-widget-text-editor\" data-id=\"14b8aa5\" data-element_type=\"widget\" data-e-type=\"widget\" data-widget_type=\"text-editor.default\">\n\t\t\t\t<div class=\"elementor-widget-container\">\n\t\t\t\t\t\t\t\t\t<p>Vom Hasenhaus zum Dreil\u00f6wenhaus:\u00a0<\/p>\n\t\t\t\t\t\t\t\t<\/div>\n\t\t\t\t<\/div>\n\t\t\t\t<div class=\"elementor-element elementor-element-554ebb3 elementor-widget elementor-widget-heading\" data-id=\"554ebb3\" data-element_type=\"widget\" data-e-type=\"widget\" data-widget_type=\"heading.default\">\n\t\t\t\t<div class=\"elementor-widget-container\">\n\t\t\t\t\t<h2 class=\"elementor-heading-title elementor-size-default\">500 Jahre Geschichte<\/h2>\t\t\t\t<\/div>\n\t\t\t\t<\/div>\n\t\t\t\t<div class=\"elementor-element elementor-element-24e6357 elementor-invisible elementor-widget elementor-widget-text-editor\" data-id=\"24e6357\" data-element_type=\"widget\" data-e-type=\"widget\" data-settings=\"{&quot;_animation&quot;:&quot;fadeIn&quot;,&quot;_animation_delay&quot;:200}\" data-widget_type=\"text-editor.default\">\n\t\t\t\t<div class=\"elementor-widget-container\">\n\t\t\t\t\t\t\t\t\t<p>Bevor das heutige Geb\u00e4ude an dieser Stelle errichtet wurde, befand sich hier eines der bedeutendsten historischen Grundst\u00fccke Wiens. Urspr\u00fcnglich bildeten die H\u00e4user K\u00e4rntner Stra\u00dfe 8 und 10 ein einziges, weitl\u00e4ufiges Anwesen. Zwischen 1508 und 1525 war es als das ber\u00fchmte \u201eHasenhaus\u201c bekannt und diente zeitweise als Residenz der landesf\u00fcrstlichen Hasenbannmeister sowie als kaiserliche Unterkunft. Ber\u00fchmt war das Haus vor allem f\u00fcr seine auff\u00e4lligen Fassadenmalereien mit Hasenmotiven.<\/p>\n<p>\nIm Jahr 1515 erlangte das Hasenhaus besondere Bekanntheit w\u00e4hrend der prunkvollen doppelten Habsburger Hochzeit, die zahlreiche royale G\u00e4ste nach Wien f\u00fchrte \u2013 K\u00f6nig Sigismund von Polen soll hier residiert haben. In den folgenden zwei Jahrhunderten beherbergte das Haus immer wieder hochrangige internationale Besucher. So war es im Jahr 1564 Sitz der franz\u00f6sischen und der venezianischen Gesandtschaft, und von 1608 bis 1609 diente es als Unterkunft f\u00fcr die osmanische Delegation.<\/p>\n\t\t\t\t\t\t\t\t<\/div>\n\t\t\t\t<\/div>\n\t\t\t\t<\/div>\n\t\t\t\t<\/div>\n\t\t\t\t\t<\/div>\n\t\t\t\t<\/div>\n\t\t\t\t<\/div>\n\t\t","protected":false},"excerpt":{"rendered":"<p>Die Geschichte Die LOVIS Suites befinden sich in der K\u00e4rntner Stra\u00dfe 8, mitten in einer der bekanntesten Fu\u00dfg\u00e4ngerzonen Wiens \u2013 einem lebendigen Viertel voller charmanter Caf\u00e9s, historischer Sehensw\u00fcrdigkeiten und exklusiver Einkaufsm\u00f6glichkeiten. Vier der insgesamt acht Einheiten des Geb\u00e4udes wurden in stilvoll gestaltete Zimmer und Suiten verwandelt. Sie bieten Reisenden und Business-G\u00e4sten die besondere Gelegenheit, Wien [&hellip;]<\/p>\n","protected":false},"author":1,"featured_media":0,"parent":0,"menu_order":0,"comment_status":"closed","ping_status":"closed","template":"elementor_header_footer","meta":{"_acf_changed":false,"footnotes":""},"class_list":["post-4472","page","type-page","status-publish","hentry"],"acf":[],"aioseo_notices":[],"_links":{"self":[{"href":"https:\/\/lovis-vienna.com\/de\/wp-json\/wp\/v2\/pages\/4472","targetHints":{"allow":["GET"]}}],"collection":[{"href":"https:\/\/lovis-vienna.com\/de\/wp-json\/wp\/v2\/pages"}],"about":[{"href":"https:\/\/lovis-vienna.com\/de\/wp-json\/wp\/v2\/types\/page"}],"author":[{"embeddable":true,"href":"https:\/\/lovis-vienna.com\/de\/wp-json\/wp\/v2\/users\/1"}],"replies":[{"embeddable":true,"href":"https:\/\/lovis-vienna.com\/de\/wp-json\/wp\/v2\/comments?post=4472"}],"version-history":[{"count":4,"href":"https:\/\/lovis-vienna.com\/de\/wp-json\/wp\/v2\/pages\/4472\/revisions"}],"predecessor-version":[{"id":4669,"href":"https:\/\/lovis-vienna.com\/de\/wp-json\/wp\/v2\/pages\/4472\/revisions\/4669"}],"wp:attachment":[{"href":"https:\/\/lovis-vienna.com\/de\/wp-json\/wp\/v2\/media?parent=4472"}],"curies":[{"name":"wp","href":"https:\/\/api.w.org\/{rel}","templated":true}]}}