{"id":4466,"date":"2025-10-31T09:55:49","date_gmt":"2025-10-31T09:55:49","guid":{"rendered":"https:\/\/lovis-vienna.com\/haeufig-gestellte-fragen\/"},"modified":"2025-12-09T15:50:36","modified_gmt":"2025-12-09T15:50:36","slug":"haeufig-gestellte-fragen","status":"publish","type":"page","link":"https:\/\/lovis-vienna.com\/de\/haeufig-gestellte-fragen\/","title":{"rendered":"H\u00e4ufig gestellte Fragen"},"content":{"rendered":"\t\t<div data-elementor-type=\"wp-page\" data-elementor-id=\"4466\" class=\"elementor elementor-4466 elementor-3964\" data-elementor-post-type=\"page\">\n\t\t\t\t<div class=\"elementor-element elementor-element-89effec e-flex e-con-boxed e-con e-parent\" data-id=\"89effec\" data-element_type=\"container\" data-e-type=\"container\" data-settings=\"{&quot;background_background&quot;:&quot;classic&quot;}\">\n\t\t\t\t\t<div class=\"e-con-inner\">\n\t\t\t\t<div class=\"elementor-element elementor-element-8d110a5 elementor-widget elementor-widget-heading\" data-id=\"8d110a5\" data-element_type=\"widget\" data-e-type=\"widget\" data-widget_type=\"heading.default\">\n\t\t\t\t<div class=\"elementor-widget-container\">\n\t\t\t\t\t<h1 class=\"elementor-heading-title elementor-size-default\">H\u00e4ufig gestellte Fragen<\/h1>\t\t\t\t<\/div>\n\t\t\t\t<\/div>\n\t\t\t\t<div class=\"elementor-element elementor-element-2d1df20 elementor-widget elementor-widget-heading\" data-id=\"2d1df20\" data-element_type=\"widget\" data-e-type=\"widget\" data-widget_type=\"heading.default\">\n\t\t\t\t<div class=\"elementor-widget-container\">\n\t\t\t\t\t<h2 class=\"elementor-heading-title elementor-size-default\">H\u00e4ufig gestellte Fragen zu Ihrem Aufenthalt im LOVIS Suites Hotel.<\/h2>\t\t\t\t<\/div>\n\t\t\t\t<\/div>\n\t\t\t\t<div class=\"elementor-element elementor-element-23a54a7 elementor-widget elementor-widget-text-editor\" data-id=\"23a54a7\" data-element_type=\"widget\" data-e-type=\"widget\" data-widget_type=\"text-editor.default\">\n\t\t\t\t<div class=\"elementor-widget-container\">\n\t\t\t\t\t\t\t\t\t<section id=\"faqs\" class=\"faqs\">\n<h3>Hotel\u00fcbersicht &amp; Direktbuchung<\/h3>\n<details><summary><strong>Wie lautet die Adresse des Hotels?<\/strong><\/summary>\n<div>\n\n<strong>LOVIS Suites Hotel<\/strong>\nK\u00e4rntner Stra\u00dfe 8\n1010 Vienna, Austria\n\n<a class=\"cta-link\" href=\"https:\/\/maps.app.goo.gl\/ACZosuFta4e6yBkx7\" target=\"_blank\" rel=\"noopener\">View Location Map<\/a>\n\n<\/div>\n<\/details><details><summary><strong>Warum direkt buchen?<\/strong><\/summary>\n<div>\n\nDirektbuchungen garantieren den besten verf\u00fcgbaren Preis \u2013 und exklusive Vorteile nur f\u00fcr Sie:\n<ul>\n \t<li>Willkommensminibar<\/li>\n \t<li>Late Check-out zum halben Preis<\/li>\n \t<li>Flexible Umbuchung<\/li>\n \t<li>Exklusive Partner-Vorteile<\/li>\n \t<li>Profitieren Sie von besonderen Rabatten und einzigartigen Erlebnissen.<\/li>\n<\/ul>\n<a class=\"cta-link\" href=\"https:\/\/direct-book.com\/properties\/LovisSuitesDIRECT\" target=\"_blank\" rel=\"noopener\">Direkt buchen<\/a>\n\n<\/div>\n<\/details>\n<h3>Zimmer &amp; Suiten<\/h3>\n<details><summary><strong>Welche Kategorien bietet LOVIS?<\/strong><\/summary>\n<div>\n\nLOVIS bietet eine Auswahl an Zimmern und Suiten f\u00fcr unterschiedliche Bed\u00fcrfnisse \u2013 vom eleganten Einzelzimmer bis zur gro\u00dfz\u00fcgigen Suite. Einige Kategorien verf\u00fcgen \u00fcber beeindruckenden Stadtblick, luxuri\u00f6se Badewannen oder mehrere Schlafzimmer f\u00fcr zus\u00e4tzlichen Komfort.\n\n<a class=\"cta-link\" href=\"https:\/\/lovis-vienna.com\/de\/die-zimmer\/\">Zimmer &amp; Suiten anzeigen<\/a>\n\n<\/div>\n<\/details><details><summary><strong>Wie hoch sind die Zimmerpreise?\n<\/strong><\/summary>\n<div>\n\nDie Preise variieren je nach Saison und Nachfrage pro Nacht. F\u00fcr die besten Konditionen empfehlen wir die Direktbuchung \u00fcber unsere Website.\n\n<a class=\"cta-link\" href=\"https:\/\/direct-book.com\/properties\/LovisSuitesDIRECT\" target=\"_blank\" rel=\"noopener\">Verf\u00fcgbarkeit pr\u00fcfen<\/a>\n\n<\/div>\n<\/details><details><summary><strong>Bieten Sie Familienzimmer an?\n<\/strong><\/summary>\n<div>\n\nJa, LOVIS bietet gro\u00dfz\u00fcgige Zimmer- und Suite-Kategorien, die ideal f\u00fcr Familien sind:\n<ul>\n \t<li>Deluxe Suite \u2013 f\u00fcr bis zu 4 G\u00e4ste<\/li>\n \t<li>Grand LOVIS Suite \u2013 f\u00fcr bis zu 6 G\u00e4ste<\/li>\n \t<li>Superior Zimmer \u2013 f\u00fcr bis zu 4 G\u00e4ste<\/li>\n<\/ul>\n<a class=\"cta-link\" href=\"https:\/\/lovis-vienna.com\/de\/die-zimmer\/\">Familiengeeignete Suiten anzeigen<\/a>\n\n<\/div>\n<\/details>\n<h3>Anreise, Check-in &amp; Check-out<\/h3>\n<details><summary><strong>Wann ist der Check-in?<\/strong><\/summary>\n<div>\n\nDer Check-in ist ab 15:00 Uhr m\u00f6glich. Ein Fr\u00fch-Check-in kann auf Anfrage arrangiert werden.\n\n<a class=\"cta-link\" href=\"mailto:reservations@lovis-vienna.com\">Kontaktieren Sie uns<\/a>\n\n<\/div>\n<\/details><details><summary><strong>Wie funktioniert der Online-Check-in?\n<\/strong><\/summary>\n<div>\n\nZwei Tage vor Ihrer Anreise erhalten Sie einen sicheren Link f\u00fcr den Online-Check-in. Nach Abschluss steht Ihnen Ihr pers\u00f6nlicher Zugangscode zur Verf\u00fcgung.\n\n<\/div>\n<\/details><details><summary><strong>Wann ist der Check-out?<\/strong><\/summary>\n<div>Der Check-out erfolgt bis 11:00 Uhr. Ein Late Check-out ist auf Anfrage m\u00f6glich \u2013 bei Direktbuchung zum halben Preis.<\/div>\n<\/details>\n<h3>Service &amp; Ausstattung<\/h3>\n<details><summary><strong>Ist WLAN inklusive?<\/strong><\/summary>\n<div>\n\nJa, im gesamten Hotel steht Ihnen kostenfreies Highspeed-WLAN zur Verf\u00fcgung.\n\n<\/div>\n<\/details><details><summary><strong>Bieten Sie Babybetten oder Zustellbetten an?<\/strong><\/summary>\n<div>\n\nJa, Babybetten sind auf Anfrage kostenfrei verf\u00fcgbar. Zustellbetten k\u00f6nnen in ausgew\u00e4hlten Kategorien bereitgestellt werden. Bitte kontaktieren Sie uns f\u00fcr Details zur Verf\u00fcgbarkeit.\n\n<a class=\"cta-link\" href=\"mailto:reservations@lovis-vienna.com\">E-Mail Reservierungen: reservations@lovis-vienna.com<\/a>\n\n<\/div>\n<\/details><details><summary><strong>Sind Haustiere erlaubt?<\/strong><\/summary>\n<div>Aus R\u00fccksicht auf alle G\u00e4ste sind Haustiere bei LOVIS nicht gestattet.<\/div>\n<\/details>\n<h3>Fr\u00fchst\u00fcck, Restaurants &amp; Bars<\/h3>\n<details><summary><strong>Gibt es Fr\u00fchst\u00fcck?<\/strong><\/summary>\n<div>\n\nEin hoteleigenes Fr\u00fchst\u00fcck bieten wir nicht an. Stattdessen genie\u00dfen unsere G\u00e4ste exklusive Vorteile in ausgew\u00e4hlten Caf\u00e9s in unmittelbarer N\u00e4he \u2013 inklusive attraktiver Rabatte.\n\n<\/div>\n<\/details><details><summary><strong>Gibt es ein Restaurant oder eine Bar im Hotel?<\/strong><\/summary>\n<div>Nein, LOVIS verf\u00fcgt \u00fcber kein eigenes Restaurant oder Bar. Unser Guest Experience Manager empfiehlt Ihnen jedoch gerne ausgew\u00e4hlte Partnerrestaurants und Bars in unmittelbarer N\u00e4he und \u00fcbernimmt auf Wunsch die Reservierung.<\/div>\n<\/details>\n<h3>Lage &amp; Transport<\/h3>\n<details><summary><strong>Gibt es Parkm\u00f6glichkeiten?<\/strong><\/summary>\n<div>\n\nJa, Sie k\u00f6nnen in der Garage Neuer Markt parken (nur 5 Gehminuten entfernt). Mit Hotelbest\u00e4tigung betr\u00e4gt die Geb\u00fchr \u20ac36 pro Tag.\n\n<strong>Parkinformationen<\/strong>\n\n<\/div>\n<\/details><details><summary><strong>Bieten Sie Flughafentransfers an?<\/strong><\/summary>\n<div>\n\nJa, private Transfers sind auf Anfrage verf\u00fcgbar. Unser Team organisiert gerne eine komfortable Fahrt f\u00fcr Sie.\n\n<\/div>\n<\/details>\n<h3>Zahlung &amp; Richtlinien<\/h3>\n<details><summary><strong>Welche Zahlungsmethoden werden akzeptiert?\n<\/strong><\/summary>\n<div>\n\nWir akzeptieren Visa, Mastercard, American Express und Maestro. Eine Bank\u00fcberweisung ist auf Anfrage m\u00f6glich.\n\n<\/div>\n<\/details><details><summary><strong>Ist eine Anzahlung erforderlich?<\/strong><\/summary>\n<div>\n\nDie Anzahlung h\u00e4ngt von der gew\u00e4hlten Rate ab:\n&#8211; Flexible Tarife erfordern in der Regel keine Anzahlung.\n&#8211; Nicht erstattungsf\u00e4hige Tarife k\u00f6nnen eine Vorauszahlung verlangen.\n\n<\/div>\n<\/details>\n<h3>Gruppen, Meetings &amp; Veranstaltungen<\/h3>\n<details><summary><strong>Bieten Sie Tagungsr\u00e4ume an?<\/strong><\/summary>\n<div>\n\nJa, Tagungs- und Veranstaltungsr\u00e4ume stehen im selben Geb\u00e4ude \u00fcber unseren Partner Management Club zur Verf\u00fcgung.\n\n<a class=\"cta-link\" href=\"mailto:reservations@lovis-vienna.com\">Meetingraum anfragen<\/a>\n\n<\/div>\n<\/details><details><summary><strong>Gibt es Gruppentarife?<\/strong><\/summary>\n<div>\n\nJa, attraktive Gruppentarife sind auf Anfrage verf\u00fcgbar.\n\n<a class=\"cta-link\" href=\"mailto:reservations@lovis-vienna.com\">Gruppenangebot anfragen<\/a>\n\n<\/div>\n<\/details>\n<h3>Kontakt<\/h3>\n<details><summary><strong>Wie kann ich Sie kontaktieren?<\/strong><\/summary>\n<div>Unser Team steht Ihnen jederzeit f\u00fcr individuelle Anfragen und ma\u00dfgeschneiderte Arrangements zur Verf\u00fcgung.Reservierungen: <a href=\"mailto:reservations@lovis-vienna.com\">reservations@lovis-vienna.com<\/a>\nAllgemeine Anfragen: <a href=\"mailto:info@lovis-vienna.com\">info@lovis-vienna.com<\/a>\nConcierge\/Experiences: <a href=\"mailto:experiences@lovis-vienna.com\">experiences@lovis-vienna.com<\/a>\n\n<\/div>\n<\/details><\/section>\t\t\t\t\t\t\t\t<\/div>\n\t\t\t\t<\/div>\n\t\t\t\t<div class=\"elementor-element elementor-element-219e718 elementor-widget elementor-widget-html\" data-id=\"219e718\" data-element_type=\"widget\" data-e-type=\"widget\" data-widget_type=\"html.default\">\n\t\t\t\t<div class=\"elementor-widget-container\">\n\t\t\t\t\t<script type=\"application\/ld+json\">\n{\n  \"@context\": \"https:\/\/schema.org\",\n  \"@type\": \"FAQPage\",\n  \"mainEntity\": [\n\n    {\n      \"@type\": \"Question\",\n      \"name\": \"Wie lautet die Adresse des Hotels?\",\n      \"acceptedAnswer\": {\n        \"@type\": \"Answer\",\n        \"text\": \"LOVIS Suites Hotel K\u00e4rntner Stra\u00dfe 8 1010 Wien, \u00d6sterreich\",\n        \"url\": \"https:\/\/lovis-vienna.com\/de\/\"\n      }\n    },\n\n    {\n      \"@type\": \"Question\",\n      \"name\": \"Warum direkt buchen?\",\n      \"acceptedAnswer\": {\n        \"@type\": \"Answer\",\n        \"text\": \"Direktbuchungen garantieren den besten verf\u00fcgbaren Preis \u2013 und exklusive Vorteile nur f\u00fcr Sie: Willkommensminibar; Late Check-out zum halben Preis; Flexible Umbuchung; Exklusive Partner-Vorteile; Profitieren Sie von besonderen Rabatten und einzigartigen Erlebnissen.\n\",\n        \"url\": \"https:\/\/direct-book.com\/properties\/LovisSuitesDIRECT\"\n      }\n    },\n\n    {\n      \"@type\": \"Question\",\n      \"name\": \"Welche Kategorien bietet LOVIS?\",\n      \"acceptedAnswer\": {\n        \"@type\": \"Answer\",\n        \"text\": \"LOVIS bietet eine Auswahl an Zimmern und Suiten f\u00fcr unterschiedliche Bed\u00fcrfnisse \u2013 vom eleganten Einzelzimmer bis zur gro\u00dfz\u00fcgigen Suite. Einige Kategorien verf\u00fcgen \u00fcber beeindruckenden Stadtblick, luxuri\u00f6se Badewannen oder mehrere Schlafzimmer f\u00fcr zus\u00e4tzlichen Komfort.\",\n        \"url\": \"https:\/\/lovis-vienna.com\/de\/die-zimmer\/\"\n      }\n    },\n\n    {\n      \"@type\": \"Question\",\n      \"name\": \"Wie hoch sind die Zimmerpreise?\",\n      \"acceptedAnswer\": {\n        \"@type\": \"Answer\",\n        \"text\": \"Die Preise variieren je nach Saison und Nachfrage pro Nacht. F\u00fcr die besten Konditionen empfehlen wir die Direktbuchung \u00fcber unsere Website.\",\n        \"url\": \"https:\/\/direct-book.com\/properties\/LovisSuitesDIRECT\"\n      }\n    },\n\n    {\n      \"@type\": \"Question\",\n      \"name\": \"Bieten Sie Familienzimmer an?\",\n      \"acceptedAnswer\": {\n        \"@type\": \"Answer\",\n        \"text\": \"Ja, LOVIS bietet gro\u00dfz\u00fcgige Zimmer- und Suite-Kategorien, die ideal f\u00fcr Familien sind: Deluxe Suite \u2013 f\u00fcr bis zu 4 G\u00e4ste; Grand LOVIS Suite \u2013 f\u00fcr bis zu 6 G\u00e4ste; Superior Zimmer \u2013 f\u00fcr bis zu 4 G\u00e4ste\",\n        \"url\": \"https:\/\/lovis-vienna.com\/de\/die-zimmer\/\"\n      }\n    },\n\n    {\n      \"@type\": \"Question\",\n      \"name\": \"Wann ist der Check-in?\",\n      \"acceptedAnswer\": {\n        \"@type\": \"Answer\",\n        \"text\": \"Der Check-in ist ab 15:00 Uhr m\u00f6glich. Ein Fr\u00fch-Check-in kann auf Anfrage arrangiert werden.\",\n        \"url\": \"https:\/\/lovis-vienna.com\/de\/\"\n      }\n    },\n\n    {\n      \"@type\": \"Question\",\n      \"name\": \"Wie funktioniert der Online-Check-in?\",\n      \"acceptedAnswer\": {\n        \"@type\": \"Answer\",\n        \"text\": \"Zwei Tage vor Ihrer Anreise erhalten Sie einen sicheren Link f\u00fcr den Online-Check-in. Nach Abschluss steht Ihnen Ihr pers\u00f6nlicher Zugangscode zur Verf\u00fcgung.\",\n        \"url\": \"https:\/\/lovis-vienna.com\/de\/\"\n      }\n    },\n\n    {\n      \"@type\": \"Question\",\n      \"name\": \"Wann ist der Check-out?\",\n      \"acceptedAnswer\": {\n        \"@type\": \"Answer\",\n        \"text\": \"Der Check-out erfolgt bis 11:00 Uhr. Ein Late Check-out ist auf Anfrage m\u00f6glich \u2013 bei Direktbuchung zum halben Preis.\",\n        \"url\": \"https:\/\/lovis-vienna.com\/de\/\"\n      }\n    },\n\n    {\n      \"@type\": \"Question\",\n      \"name\": \"Ist WLAN inklusive?\",\n      \"acceptedAnswer\": {\n        \"@type\": \"Answer\",\n        \"text\": \"Ja, im gesamten Hotel steht Ihnen kostenfreies Highspeed-WLAN zur Verf\u00fcgung.\",\n        \"url\": \"https:\/\/lovis-vienna.com\/de\/\"\n      }\n    },\n\n    {\n      \"@type\": \"Question\",\n      \"name\": \"Bieten Sie Babybetten oder Zustellbetten an?\",\n      \"acceptedAnswer\": {\n        \"@type\": \"Answer\",\n        \"text\": \"Ja, Babybetten sind auf Anfrage kostenfrei verf\u00fcgbar. Zustellbetten k\u00f6nnen in ausgew\u00e4hlten Kategorien bereitgestellt werden. Bitte kontaktieren Sie uns f\u00fcr Details zur Verf\u00fcgbarkeit.\",\n        \"url\": \"https:\/\/lovis-vienna.com\/de\/\"\n      }\n    },\n\n    {\n      \"@type\": \"Question\",\n      \"name\": \"Sind Haustiere erlaubt?\",\n      \"acceptedAnswer\": {\n        \"@type\": \"Answer\",\n        \"text\": \"Aus R\u00fccksicht auf alle G\u00e4ste sind Haustiere bei LOVIS nicht gestattet.\",\n        \"url\": \"https:\/\/lovis-vienna.com\/de\/\"\n      }\n    },\n\n    {\n      \"@type\": \"Question\",\n      \"name\": \"Gibt es Fr\u00fchst\u00fcck?\",\n      \"acceptedAnswer\": {\n        \"@type\": \"Answer\",\n        \"text\": \"Ein hoteleigenes Fr\u00fchst\u00fcck bieten wir nicht an. Stattdessen genie\u00dfen unsere G\u00e4ste exklusive Vorteile in ausgew\u00e4hlten Caf\u00e9s in unmittelbarer N\u00e4he \u2013 inklusive attraktiver Rabatte.\",\n        \"url\": \"https:\/\/lovis-vienna.com\/de\/\"\n      }\n    },\n\n    {\n      \"@type\": \"Question\",\n      \"name\": \"Gibt es ein Restaurant oder eine Bar im Hotel?\",\n      \"acceptedAnswer\": {\n        \"@type\": \"Answer\",\n        \"text\": \"Nein, LOVIS verf\u00fcgt \u00fcber kein eigenes Restaurant oder Bar. Unser Guest Experience Manager empfiehlt Ihnen jedoch gerne ausgew\u00e4hlte Partnerrestaurants und Bars in unmittelbarer N\u00e4he und \u00fcbernimmt auf Wunsch die Reservierung.\",\n        \"url\": \"https:\/\/lovis-vienna.com\/de\/\"\n      }\n    },\n\n    {\n      \"@type\": \"Question\",\n      \"name\": \"Gibt es Parkm\u00f6glichkeiten?\",\n      \"acceptedAnswer\": {\n        \"@type\": \"Answer\",\n        \"text\": \"Ja, Sie k\u00f6nnen in der Garage Neuer Markt parken (nur 5 Gehminuten entfernt). Mit Hotelbest\u00e4tigung betr\u00e4gt die Geb\u00fchr \u20ac36 pro Tag.\",\n        \"url\": \"https:\/\/lovis-vienna.com\/de\/\"\n      }\n    },\n\n    {\n      \"@type\": \"Question\",\n      \"name\": \"Bieten Sie Flughafentransfers an?\",\n      \"acceptedAnswer\": {\n        \"@type\": \"Answer\",\n        \"text\": \"Ja, private Transfers sind auf Anfrage verf\u00fcgbar. Unser Team organisiert gerne eine komfortable Fahrt f\u00fcr Sie.\",\n        \"url\": \"https:\/\/lovis-vienna.com\/de\/\"\n      }\n    },\n\n    {\n      \"@type\": \"Question\",\n      \"name\": \"Welche Zahlungsmethoden werden akzeptiert?\",\n      \"acceptedAnswer\": {\n        \"@type\": \"Answer\",\n        \"text\": \"Wir akzeptieren Visa, Mastercard, American Express und Maestro. Eine Bank\u00fcberweisung ist auf Anfrage m\u00f6glich.\",\n        \"url\": \"https:\/\/lovis-vienna.com\/de\/\"\n      }\n    },\n\n    {\n      \"@type\": \"Question\",\n      \"name\": \"Ist eine Anzahlung erforderlich?\",\n      \"acceptedAnswer\": {\n        \"@type\": \"Answer\",\n        \"text\": \"Die Anzahlung h\u00e4ngt von der gew\u00e4hlten Rate ab: Flexible Tarife erfordern in der Regel keine Anzahlung; Nicht erstattungsf\u00e4hige Tarife k\u00f6nnen eine Vorauszahlung verlangen.\",\n        \"url\": \"https:\/\/lovis-vienna.com\/de\/\"\n      }\n    },\n\n    {\n      \"@type\": \"Question\",\n      \"name\": \"Bieten Sie Tagungsr\u00e4ume an?\",\n      \"acceptedAnswer\": {\n        \"@type\": \"Answer\",\n        \"text\": \"Ja, Tagungs- und Veranstaltungsr\u00e4ume stehen im selben Geb\u00e4ude \u00fcber unseren Partner Management Club zur Verf\u00fcgung.\",\n        \"url\": \"https:\/\/lovis-vienna.com\/de\/\"\n      }\n    },\n\n    {\n      \"@type\": \"Question\",\n      \"name\": \"Gibt es Gruppentarife?\",\n      \"acceptedAnswer\": {\n        \"@type\": \"Answer\",\n        \"text\": \"Ja, attraktive Gruppentarife sind auf Anfrage verf\u00fcgbar.\",\n        \"url\": \"https:\/\/lovis-vienna.com\/de\/\"\n      }\n    },\n\n    {\n      \"@type\": \"Question\",\n      \"name\": \"Wie kann ich Sie kontaktieren?\",\n      \"acceptedAnswer\": {\n        \"@type\": \"Answer\",\n        \"text\": \"Unser Team steht Ihnen jederzeit f\u00fcr individuelle Anfragen und ma\u00dfgeschneiderte Arrangements zur Verf\u00fcgung. Reservierungen: reservations@lovis-vienna.com; Allgemeine Anfragen: info@lovis-vienna.com; Concierge\/Experiences: experiences@lovis-vienna.com\",\n        \"url\": \"https:\/\/lovis-vienna.com\/de\/\"\n      }\n    }\n\n  ]\n}\n<\/script>\t\t\t\t<\/div>\n\t\t\t\t<\/div>\n\t\t\t\t\t<\/div>\n\t\t\t\t<\/div>\n\t\t\t\t<\/div>\n\t\t","protected":false},"excerpt":{"rendered":"<p>H\u00e4ufig gestellte Fragen H\u00e4ufig gestellte Fragen zu Ihrem Aufenthalt im LOVIS Suites Hotel. Hotel\u00fcbersicht &amp; Direktbuchung Wie lautet die Adresse des Hotels? LOVIS Suites Hotel K\u00e4rntner Stra\u00dfe 8 1010 Vienna, Austria View Location Map Warum direkt buchen? Direktbuchungen garantieren den besten verf\u00fcgbaren Preis \u2013 und exklusive Vorteile nur f\u00fcr Sie: Willkommensminibar Late Check-out zum halben [&hellip;]<\/p>\n","protected":false},"author":1,"featured_media":0,"parent":0,"menu_order":0,"comment_status":"closed","ping_status":"closed","template":"elementor_header_footer","meta":{"_acf_changed":false,"footnotes":""},"class_list":["post-4466","page","type-page","status-publish","hentry"],"acf":[],"aioseo_notices":[],"_links":{"self":[{"href":"https:\/\/lovis-vienna.com\/de\/wp-json\/wp\/v2\/pages\/4466","targetHints":{"allow":["GET"]}}],"collection":[{"href":"https:\/\/lovis-vienna.com\/de\/wp-json\/wp\/v2\/pages"}],"about":[{"href":"https:\/\/lovis-vienna.com\/de\/wp-json\/wp\/v2\/types\/page"}],"author":[{"embeddable":true,"href":"https:\/\/lovis-vienna.com\/de\/wp-json\/wp\/v2\/users\/1"}],"replies":[{"embeddable":true,"href":"https:\/\/lovis-vienna.com\/de\/wp-json\/wp\/v2\/comments?post=4466"}],"version-history":[{"count":11,"href":"https:\/\/lovis-vienna.com\/de\/wp-json\/wp\/v2\/pages\/4466\/revisions"}],"predecessor-version":[{"id":4556,"href":"https:\/\/lovis-vienna.com\/de\/wp-json\/wp\/v2\/pages\/4466\/revisions\/4556"}],"wp:attachment":[{"href":"https:\/\/lovis-vienna.com\/de\/wp-json\/wp\/v2\/media?parent=4466"}],"curies":[{"name":"wp","href":"https:\/\/api.w.org\/{rel}","templated":true}]}}