{"id":4464,"date":"2025-06-23T13:54:37","date_gmt":"2025-06-23T13:54:37","guid":{"rendered":"https:\/\/lovis-vienna.com\/cookies-richtlinie\/"},"modified":"2025-11-17T14:00:12","modified_gmt":"2025-11-17T14:00:12","slug":"cookies-richtlinie","status":"publish","type":"page","link":"https:\/\/lovis-vienna.com\/de\/cookies-richtlinie\/","title":{"rendered":"Cookies-Richtlinie"},"content":{"rendered":"\t\t<div data-elementor-type=\"wp-page\" data-elementor-id=\"4464\" class=\"elementor elementor-4464 elementor-531\" data-elementor-post-type=\"page\">\n\t\t\t\t<div class=\"elementor-element elementor-element-89effec e-flex e-con-boxed e-con e-parent\" data-id=\"89effec\" data-element_type=\"container\" data-e-type=\"container\" data-settings=\"{&quot;background_background&quot;:&quot;classic&quot;}\">\n\t\t\t\t\t<div class=\"e-con-inner\">\n\t\t\t\t<div class=\"elementor-element elementor-element-8d110a5 elementor-widget elementor-widget-heading\" data-id=\"8d110a5\" data-element_type=\"widget\" data-e-type=\"widget\" data-widget_type=\"heading.default\">\n\t\t\t\t<div class=\"elementor-widget-container\">\n\t\t\t\t\t<h1 class=\"elementor-heading-title elementor-size-default\">Cookies-Richtlinie<\/h1>\t\t\t\t<\/div>\n\t\t\t\t<\/div>\n\t\t\t\t<div class=\"elementor-element elementor-element-d0b6ee4 elementor-widget elementor-widget-text-editor\" data-id=\"d0b6ee4\" data-element_type=\"widget\" data-e-type=\"widget\" data-widget_type=\"text-editor.default\">\n\t\t\t\t<div class=\"elementor-widget-container\">\n\t\t\t\t\t\t\t\t\tG\u00fcltig ab: 09. Juli 2024<br>Zuletzt aktualisiert: 09. Juli 2024<br><br><strong>Was sind Cookies?<\/strong><br><br>Cookies sind kleine Textdateien, die von Websites, die Sie besuchen, auf Ihrem Computer gespeichert werden. Websites verwenden Cookies, um Nutzern eine effiziente Navigation zu erm\u00f6glichen und bestimmte Funktionen auszuf\u00fchren. Cookies, die f\u00fcr den ordnungsgem\u00e4\u00dfen Betrieb der Website erforderlich sind, d\u00fcrfen ohne Ihre Zustimmung gesetzt werden. Alle anderen Cookies m\u00fcssen genehmigt werden, bevor sie im Browser gespeichert werden.<br><br>Wir verwenden Cookies, um Inhalte und Werbung zu personalisieren sowie unseren Traffic zu analysieren. Au\u00dferdem teilen wir Informationen \u00fcber Ihre Nutzung unserer Website mit unseren Werbe- und Analysepartnern, die diese mit anderen Informationen, die Sie ihnen bereitgestellt haben oder die sie durch Ihre Nutzung ihrer Dienste gesammelt haben, kombinieren k\u00f6nnen.<br><br><strong>Google Consent Mode<\/strong><br><br>Wir verwenden auch Cookies, um Daten f\u00fcr die Personalisierung und Messung der Effektivit\u00e4t unserer Werbung zu sammeln. Weitere Informationen finden Sie in der Google-Datenschutzerkl\u00e4rung.<br><br><strong>Welche Cookies verwenden wir?<\/strong><br><script type=\"text\/javascript\" charset=\"UTF-8\" data-cookiescriptreport=\"report\" src=\"\/\/report.cookie-script.com\/r\/6ce104539712cb2bd0a03c447f1167b3.js\"><\/script><br><br><strong>Unbedingt erforderliche Cookies<\/strong><br>Unbedingt erforderliche Cookies erm\u00f6glichen grundlegende Funktionen der Website, wie Benutzeranmeldung und Kontoverwaltung. Die Website kann ohne diese Cookies nicht ordnungsgem\u00e4\u00df genutzt werden.<br><br><strong>Performance-Cookies<\/strong><br>Performance-Cookies werden verwendet, um zu analysieren, wie Besucher die Website nutzen, z.\u202fB. Analyse-Cookies. Diese Cookies k\u00f6nnen nicht dazu verwendet werden, einzelne Besucher direkt zu identifizieren.<br><br><strong>Targeting-Cookies<\/strong><br>Targeting-Cookies werden genutzt, um Besucher \u00fcber verschiedene Websites hinweg zu identifizieren, z.\u202fB. \u00fcber Content-Partner oder Banner-Netzwerke. Diese Cookies k\u00f6nnen verwendet werden, um Nutzerprofile zu erstellen oder relevante Werbung auf anderen Websites anzuzeigen.<br><br><strong>Funktionalit\u00e4ts-Cookies<\/strong><br>Funktionalit\u00e4ts-Cookies speichern Informationen \u00fcber den Besucher auf der Website, z.\u202fB. Sprache, Zeitzone oder erweiterte Inhalte.<br><br><strong>Wie verwenden wir Cookies?\r\n<\/strong><span style=\"font-family: -apple-system, BlinkMacSystemFont, 'Segoe UI', Roboto, 'Helvetica Neue', Arial, 'Noto Sans', sans-serif, 'Apple Color Emoji', 'Segoe UI Emoji', 'Segoe UI Symbol', 'Noto Color Emoji';\">Wie die meisten Online-Dienste verwendet unsere Website sowohl First-Party- als auch Third-Party-Cookies f\u00fcr verschiedene Zwecke. First-Party-Cookies sind gr\u00f6\u00dftenteils notwendig, damit die Website korrekt funktioniert, und sammeln keine personenbezogenen Daten.<\/span><br><br>Die auf unserer Website verwendeten Third-Party-Cookies dienen haupts\u00e4chlich dazu, die Leistung der Website zu verstehen, Ihre Interaktion mit unserer Website zu analysieren, unsere Dienste zu sichern, relevante Werbung bereitzustellen und insgesamt ein verbessertes Nutzungserlebnis zu erm\u00f6glichen sowie zuk\u00fcnftige Interaktionen zu beschleunigen.<br><br><strong>Verwaltung Ihrer Cookie-Pr\u00e4ferenzen<\/strong><br><br>Verschiedene Browser bieten unterschiedliche Methoden, Cookies zu blockieren oder zu l\u00f6schen. Sie k\u00f6nnen die Einstellungen Ihres Browsers \u00e4ndern, um Cookies zu blockieren oder zu l\u00f6schen. Nachfolgend finden Sie Links zu den Support-Dokumenten der wichtigsten Webbrowser:<br><br>Chrome: https:\/\/support.google.com\/accounts\/answer\/32050<br>Safari: https:\/\/support.apple.com\/en-in\/guide\/safari\/sfri11471\/mac<br>Firefox: https:\/\/support.mozilla.org\/en-US\/kb\/clear-cookies-and-site-data-firefox?redirectslug=delete-cookies-remove-info-websites-stored&amp;redirectlocale=en-US<br>Internet Explorer: https:\/\/support.microsoft.com\/en-us\/topic\/how-to-delete-cookie-files-in-internet-explorer-bca9446f-d873-78de-77ba-d42645fa52fc<br><br>Wenn Sie einen anderen Webbrowser verwenden, besuchen Sie bitte die offiziellen Support-Dokumente Ihres Browsers.\t\t\t\t\t\t\t\t<\/div>\n\t\t\t\t<\/div>\n\t\t\t\t\t<\/div>\n\t\t\t\t<\/div>\n\t\t\t\t<\/div>\n\t\t","protected":false},"excerpt":{"rendered":"<p>Cookies-Richtlinie G\u00fcltig ab: 09. Juli 2024Zuletzt aktualisiert: 09. Juli 2024 Was sind Cookies? Cookies sind kleine Textdateien, die von Websites, die Sie besuchen, auf Ihrem Computer gespeichert werden. Websites verwenden Cookies, um Nutzern eine effiziente Navigation zu erm\u00f6glichen und bestimmte Funktionen auszuf\u00fchren. Cookies, die f\u00fcr den ordnungsgem\u00e4\u00dfen Betrieb der Website erforderlich sind, d\u00fcrfen ohne Ihre [&hellip;]<\/p>\n","protected":false},"author":1,"featured_media":0,"parent":0,"menu_order":0,"comment_status":"closed","ping_status":"open","template":"elementor_header_footer","meta":{"_acf_changed":false,"footnotes":""},"class_list":["post-4464","page","type-page","status-publish","hentry"],"acf":[],"aioseo_notices":[],"_links":{"self":[{"href":"https:\/\/lovis-vienna.com\/de\/wp-json\/wp\/v2\/pages\/4464","targetHints":{"allow":["GET"]}}],"collection":[{"href":"https:\/\/lovis-vienna.com\/de\/wp-json\/wp\/v2\/pages"}],"about":[{"href":"https:\/\/lovis-vienna.com\/de\/wp-json\/wp\/v2\/types\/page"}],"author":[{"embeddable":true,"href":"https:\/\/lovis-vienna.com\/de\/wp-json\/wp\/v2\/users\/1"}],"replies":[{"embeddable":true,"href":"https:\/\/lovis-vienna.com\/de\/wp-json\/wp\/v2\/comments?post=4464"}],"version-history":[{"count":1,"href":"https:\/\/lovis-vienna.com\/de\/wp-json\/wp\/v2\/pages\/4464\/revisions"}],"predecessor-version":[{"id":4465,"href":"https:\/\/lovis-vienna.com\/de\/wp-json\/wp\/v2\/pages\/4464\/revisions\/4465"}],"wp:attachment":[{"href":"https:\/\/lovis-vienna.com\/de\/wp-json\/wp\/v2\/media?parent=4464"}],"curies":[{"name":"wp","href":"https:\/\/api.w.org\/{rel}","templated":true}]}}